{"id":71,"date":"2017-06-13T09:33:43","date_gmt":"2017-06-13T09:33:43","guid":{"rendered":"https:\/\/demo.themegrill.com\/suffice\/?page_id=71"},"modified":"2023-03-14T18:48:39","modified_gmt":"2023-03-14T18:48:39","slug":"contact-us","status":"publish","type":"page","link":"https:\/\/nds.cl\/wordpress\/index.php\/contact-us\/","title":{"rendered":"Cont\u00e1ctenos"},"content":{"rendered":"<div id=\"pl-71\"  class=\"panel-layout\" ><div id=\"pg-71-0\"  class=\"panel-grid panel-has-style\" ><div class=\"panel-row-style panel-row-style-for-71-0\" ><div id=\"pgc-71-0-0\"  class=\"panel-grid-cell\" ><div id=\"panel-71-0-0-0\" class=\"so-panel widget widget_text panel-first-child panel-last-child\" data-index=\"0\" >\t\t\t<div class=\"textwidget\">\n<div class=\"wpcf7 no-js\" id=\"wpcf7-f4-o1\" lang=\"es-ES\" dir=\"ltr\" data-wpcf7-id=\"4\">\n<div class=\"screen-reader-response\"><p role=\"status\" aria-live=\"polite\" aria-atomic=\"true\"><\/p> <ul><\/ul><\/div>\n<form action=\"\/wordpress\/index.php\/wp-json\/wp\/v2\/pages\/71#wpcf7-f4-o1\" method=\"post\" class=\"wpcf7-form init\" aria-label=\"Formulario de contacto\" novalidate=\"novalidate\" data-status=\"init\">\n<div style=\"display: none;\">\n<input type=\"hidden\" name=\"_wpcf7\" value=\"4\" \/>\n<input type=\"hidden\" name=\"_wpcf7_version\" value=\"6.0.6\" \/>\n<input type=\"hidden\" name=\"_wpcf7_locale\" value=\"es_ES\" \/>\n<input type=\"hidden\" name=\"_wpcf7_unit_tag\" value=\"wpcf7-f4-o1\" \/>\n<input type=\"hidden\" name=\"_wpcf7_container_post\" value=\"0\" \/>\n<input type=\"hidden\" name=\"_wpcf7_posted_data_hash\" value=\"\" \/>\n<\/div>\n<p><label> Tu nombre<br \/>\n<span class=\"wpcf7-form-control-wrap\" data-name=\"your-name\"><input size=\"40\" maxlength=\"400\" class=\"wpcf7-form-control wpcf7-text wpcf7-validates-as-required\" autocomplete=\"name\" aria-required=\"true\" aria-invalid=\"false\" value=\"\" type=\"text\" name=\"your-name\" \/><\/span> <\/label>\n<\/p>\n<p><label> Tu correo electr\u00f3nico<br \/>\n<span class=\"wpcf7-form-control-wrap\" data-name=\"your-email\"><input size=\"40\" maxlength=\"400\" class=\"wpcf7-form-control wpcf7-email wpcf7-validates-as-required wpcf7-text wpcf7-validates-as-email\" autocomplete=\"email\" aria-required=\"true\" aria-invalid=\"false\" value=\"\" type=\"email\" name=\"your-email\" \/><\/span> <\/label>\n<\/p>\n<p><label> Asunto<br \/>\n<span class=\"wpcf7-form-control-wrap\" data-name=\"your-subject\"><input size=\"40\" maxlength=\"400\" class=\"wpcf7-form-control wpcf7-text wpcf7-validates-as-required\" aria-required=\"true\" aria-invalid=\"false\" value=\"\" type=\"text\" name=\"your-subject\" \/><\/span> <\/label>\n<\/p>\n<p><label> Tu mensaje (opcional)<br \/>\n<span class=\"wpcf7-form-control-wrap\" data-name=\"your-message\"><textarea cols=\"40\" rows=\"10\" maxlength=\"2000\" class=\"wpcf7-form-control wpcf7-textarea\" aria-invalid=\"false\" name=\"your-message\"><\/textarea><\/span> <\/label>\n<\/p>\n<p><input class=\"wpcf7-form-control wpcf7-submit has-spinner\" type=\"submit\" value=\"Enviar\" \/>\n<\/p><div class=\"wpcf7-response-output\" aria-hidden=\"true\"><\/div>\n<\/form>\n<\/div>\n\n<\/div>\n\t\t<\/div><\/div><div id=\"pgc-71-0-1\"  class=\"panel-grid-cell\" ><div id=\"panel-71-0-1-0\" class=\"so-panel widget widget_themegrill_suffice_iconbox tg-iconbox-container panel-first-child\" data-index=\"1\" ><div class=\"icon-box icon-box-small\">\n\t\t\t<div class=\"icon-box-icon\">\n\t\t\t<div class=\"icon-box-icon-container\">\n\t\t\t\t<div class=\"icon-box-inner-icon\">\n\t\t\t\t\t<i class=\"fa fa-map-marker\"><\/i>\n\t\t\t\t<\/div>\n\t\t\t<\/div>\n\t\t<\/div>\n\t\t\t<div class=\"icon-box-description\">\n\t\t\t\t\t<h5 class=\"icon-box-title\">Ubicaci\u00f3n<\/h5>\n\t\t\t\t\t\t\t<p class=\"icon-box-content\">Doctor Johow 250, Of 101\nSantiago, Chile<\/p>\n\t\t\t\t\t<\/div>\n<\/div> <!-- end icon-box -->\n<\/div><div id=\"panel-71-0-1-1\" class=\"so-panel widget widget_themegrill_suffice_iconbox tg-iconbox-container\" data-index=\"2\" ><div class=\"icon-box icon-box-small\">\n\t\t\t<div class=\"icon-box-icon\">\n\t\t\t<div class=\"icon-box-icon-container\">\n\t\t\t\t<div class=\"icon-box-inner-icon\">\n\t\t\t\t\t<i class=\"fa fa-phone\"><\/i>\n\t\t\t\t<\/div>\n\t\t\t<\/div>\n\t\t<\/div>\n\t\t\t<div class=\"icon-box-description\">\n\t\t\t\t\t<h5 class=\"icon-box-title\">Tel\u00e9fono<\/h5>\n\t\t\t\t\t\t\t<p class=\"icon-box-content\">+56 9-94599932<\/p>\n\t\t\t\t\t<\/div>\n<\/div> <!-- end icon-box -->\n<\/div><div id=\"panel-71-0-1-2\" class=\"so-panel widget widget_themegrill_suffice_iconbox tg-iconbox-container\" data-index=\"3\" ><div class=\"icon-box icon-box-small\">\n\t\t\t<div class=\"icon-box-icon\">\n\t\t\t<div class=\"icon-box-icon-container\">\n\t\t\t\t<div class=\"icon-box-inner-icon\">\n\t\t\t\t\t<i class=\"fa fa-envelope\"><\/i>\n\t\t\t\t<\/div>\n\t\t\t<\/div>\n\t\t<\/div>\n\t\t\t<div class=\"icon-box-description\">\n\t\t\t\t\t<h5 class=\"icon-box-title\">Email<\/h5>\n\t\t\t\t\t\t\t<p class=\"icon-box-content\">ventas@nds.cl<\/p>\n\t\t\t\t\t<\/div>\n<\/div> <!-- end icon-box -->\n<\/div><div id=\"panel-71-0-1-3\" class=\"so-panel widget widget_media_video panel-last-child\" data-index=\"4\" ><h3 class=\"widget-title\">prueba<\/h3><div style=\"width:100%;\" class=\"wp-video\"><video class=\"wp-video-shortcode\" id=\"video-71-1\" preload=\"metadata\" controls=\"controls\"><source type=\"video\/youtube\" src=\"https:\/\/www.youtube.com\/watch?v=KUt1MsSPfxE&#038;_=1\" \/><a href=\"https:\/\/www.youtube.com\/watch?v=KUt1MsSPfxE\">https:\/\/www.youtube.com\/watch?v=KUt1MsSPfxE<\/a><\/video><\/div><\/div><\/div><\/div><\/div><\/div>","protected":false},"excerpt":{"rendered":"<p>Tu nombre Tu correo electr\u00f3nico Asunto Tu mensaje (opcional) Ubicaci\u00f3n Doctor Johow 250, Of 101 Santiago, Chile Tel\u00e9fono +56 9-94599932 Email ventas@nds.cl pruebahttps:\/\/www.youtube.com\/watch?v=KUt1MsSPfxE<\/p>\n","protected":false},"author":1,"featured_media":0,"parent":0,"menu_order":0,"comment_status":"closed","ping_status":"closed","template":"","meta":{"sfsi_plus_gutenberg_text_before_share":"","sfsi_plus_gutenberg_show_text_before_share":"","sfsi_plus_gutenberg_icon_type":"","sfsi_plus_gutenberg_icon_alignemt":"","sfsi_plus_gutenburg_max_per_row":"","_monsterinsights_skip_tracking":false,"_monsterinsights_sitenote_active":false,"_monsterinsights_sitenote_note":"","_monsterinsights_sitenote_category":0,"footnotes":""},"class_list":["post-71","page","type-page","status-publish","hentry"],"_links":{"self":[{"href":"https:\/\/nds.cl\/wordpress\/index.php\/wp-json\/wp\/v2\/pages\/71","targetHints":{"allow":["GET"]}}],"collection":[{"href":"https:\/\/nds.cl\/wordpress\/index.php\/wp-json\/wp\/v2\/pages"}],"about":[{"href":"https:\/\/nds.cl\/wordpress\/index.php\/wp-json\/wp\/v2\/types\/page"}],"author":[{"embeddable":true,"href":"https:\/\/nds.cl\/wordpress\/index.php\/wp-json\/wp\/v2\/users\/1"}],"replies":[{"embeddable":true,"href":"https:\/\/nds.cl\/wordpress\/index.php\/wp-json\/wp\/v2\/comments?post=71"}],"version-history":[{"count":0,"href":"https:\/\/nds.cl\/wordpress\/index.php\/wp-json\/wp\/v2\/pages\/71\/revisions"}],"wp:attachment":[{"href":"https:\/\/nds.cl\/wordpress\/index.php\/wp-json\/wp\/v2\/media?parent=71"}],"curies":[{"name":"wp","href":"https:\/\/api.w.org\/{rel}","templated":true}]}}